{"id":137,"date":"2024-08-21T11:19:57","date_gmt":"2024-08-21T11:19:57","guid":{"rendered":"https:\/\/nexonixprofit.org\/ueber-uns\/"},"modified":"2024-08-21T20:48:55","modified_gmt":"2024-08-21T20:48:55","slug":"ueber-uns","status":"publish","type":"page","link":"https:\/\/ch.nexonixprofit.org\/de-ch\/ueber-uns\/","title":{"rendered":"\u00dcber uns"},"content":{"rendered":"\n<div class=\"main-wrapper\">\n    \n    <main class=\"content\">\n      <div class=\"intro-section abs wf-section\">\n        <div class=\"container w-container\">\n          <h1 class=\"intro-title abt\">Enth\u00fcllung der F\u00e4higkeiten von Nexonix Profit<br\/>\n<\/h1>\n        <\/div>\n      <\/div>\n      <div class=\"what-section wf-section\">\n        <div class=\"container w-container\">\n          <div class=\"cols what-cols\">\n            <div class=\"col-50 what-text-col\">\n              <h2 class=\"title what-title\">Entfesseln Sie das Potenzial der Nexonix Profit Plattform<br\/>\n<\/h2>\n              <p class=\"p what-p\">Nexonix Profit entstand aus einer genialen Brainstorming-Sitzung auf einer renommierten Tech-Konferenz im Jahr 2019 und ist eine bahnbrechende L\u00f6sung, die den Kryptow\u00e4hrungsmarkt revolutioniert.\nEine Gruppe von versierten H\u00e4ndlern, Finanzexperten und Technikbegeisterten hatte die gemeinsame Vision, eine innovative Software zu entwickeln, die H\u00e4ndlern ein nahtloses und effizientes Handelserlebnis erm\u00f6glicht.\nUnser wichtigstes Ziel war es, die H\u00fcrden zu beseitigen, die Neulinge beim Einstieg in den Online-Krypto-Handel \u00fcberwinden m\u00fcssen.  <br\/>\n<br\/>  Dank der bemerkenswerten F\u00e4higkeiten von Nexonix Profit kann nun jeder Einzelne m\u00fchelos und pr\u00e4zise mit Kryptow\u00e4hrungen handeln, unabh\u00e4ngig von seinem Kenntnisstand.\nMit Hilfe modernster Algorithmen generiert unsere Software bemerkenswert pr\u00e4zise Handelssignale, die sowohl f\u00fcr den manuellen als auch f\u00fcr den automatisierten Handel geeignet sind.\nUnser \u00fcbergeordnetes Ziel ist es, Einzelpersonen mit den wesentlichen Werkzeugen und Ressourcen auszustatten, die sie ben\u00f6tigen, um in der dynamischen Welt des Online-Kryptohandels finanzielle Unabh\u00e4ngigkeit zu erlangen.  <\/p>\n              <p class=\"p what-p\">Die Navigation in der Kryptow\u00e4hrungs-Investmentlandschaft kann ein einsch\u00fcchterndes Unterfangen sein.\nZum Gl\u00fcck gibt es die Nexonix Profit App, die Ihnen hilft, bessere Entscheidungen zu treffen und Ihre Handelsstrategien zu verbessern!\nUnsere Plattform nutzt fortschrittliche algorithmische Technologie und analysiert Marktdaten in Echtzeit, um Sie \u00fcber die Kryptom\u00e4rkte weltweit auf dem Laufenden zu halten.\nUnsere optimierten Signale, die auf die individuellen Bed\u00fcrfnisse und Ziele jedes Nutzers zugeschnitten sind, sichern Ihre bestehenden Investitionen und steigern Ihren Erfolg.\n\u00dcberwinden Sie mit Nexonix Profit die Grenzen des Handels und treffen Sie noch heute kl\u00fcgere Investitionsentscheidungen!    <\/p>\n              <div class=\"what-btn-wrap\">\n                <a href=\"#formTop\" class=\"btn what-btn w-button\"><\/a><a href=\"#formTop\">ERLEBEN SIE JETZT DIE KRAFT VON Nexonix Profit<\/a>\n              <\/div>\n            <\/div>\n            <div class=\"col-50 what-img-col\">\n              <div class=\"what-img-wrap\"><img decoding=\"async\" src=\"https:\/\/nexonixprofit.org\/wp-content\/uploads\/2024\/08\/what.webp\" alt=\"Nexonix Profit - Entfesseln Sie das Potenzial der Nexonix Profit Plattform\" class=\"what-img\"\/><\/div>\n            <\/div>\n          <\/div>\n        <\/div>\n      <\/div>\n      <div class=\"team-section wf-section\">\n        <div class=\"container relative w-container\">\n          <div class=\"cols\">\n            <div class=\"col-50 team-img-col\">\n              <div class=\"team-img-wrap\"><img decoding=\"async\" src=\"https:\/\/nexonixprofit.org\/wp-content\/uploads\/2024\/08\/team.webp\" alt=\"Nexonix Profit - Das Nexonix Profit Team - Vision\u00e4re, die die Nexonix Profit App vorantreiben\" class=\"team-img radi\"\/><\/div>\n            <\/div>\n            <div class=\"col-50 text-col\">\n              <h2 class=\"title team-title\">Das Nexonix Profit Team &#8211; Vision\u00e4re, die die Nexonix Profit App vorantreiben<br\/>\n<\/h2>\n              <p class=\"p team-p\">Mit dem Ziel, H\u00e4ndlern und Anlegern zu helfen, vom Kryptow\u00e4hrungshandel zu profitieren, haben die Entwickler von Nexonix Profit ihr Fachwissen in die Entwicklung einer automatisierten Handelssoftware gesteckt.\nSie nutzen ihre unterschiedlichen Hintergr\u00fcnde, zu denen erfahrene Finanzh\u00e4ndler, Wirtschaftswissenschaftler, Mathematiker und f\u00fchrende Entwickler geh\u00f6ren, um gemeinsam die beste Handelssoftware der Welt zu entwickeln.\nDie Beta-Testphase brachte beeindruckende Ergebnisse und zog sowohl Anf\u00e4nger als auch erfahrene Anleger an.\nNach diesem Erfolg wurde Nexonix Profit f\u00fcr eine begrenzte Zeit der \u00d6ffentlichkeit zug\u00e4nglich gemacht.\nJetzt k\u00f6nnen Sie dieser Gemeinschaft beitreten und vom Wissen der besten Finanzh\u00e4ndler von heute profitieren, um t\u00e4glich ein passives Einkommen zu erzielen.    <\/p>\n              <div class=\"team-btn-wrap\">\n                <a href=\"#formTop\" class=\"btn w-button\"><\/a><a href=\"#formTop\">Starten Sie eine unvergleichliche Handelsreise, indem Sie sich noch heute anmelden<\/a>\n              <\/div>\n            <\/div>\n          <\/div>\n        <\/div>\n      <\/div>\n    <\/main>\n\t\n\t\n    <div class=\"sticky-btn-wrap\">\n      <a href=\"#formTop\" class=\"btn sticky-btn anchor-js w-button\"><\/a><a href=\"#formTop\">Beginnen Sie heute mit dem Handel<\/a>\n    <\/div>\n    <footer class=\"footer\">\n      <div class=\"container w-container\">\n        <div class=\"footer-cols\">\n          <div class=\"footer-col fc-1\">\n            <a href=\"\/\" class=\"footer-logo w-inline-block\">\n              <img decoding=\"async\" src=\"https:\/\/nexonixprofit.org\/wp-content\/uploads\/2024\/08\/nexonix-profit-high-resolution-logo-transparent-2-1.png\" width=\"Auto\" alt=\"Nexonix Profit - Beginnen Sie Ihre Nexonix Profit Trading-Reise, indem Sie sich jetzt registrieren\" height=\"40\" class=\"footer-img\"\/>\n            <\/a>\n          <\/div>\n          <div class=\"footer-col fc-2\">\n            <div class=\"footer-nav-list\">\n              <div class=\"footer-nav-item\">\n                <a href=\"https:\/\/nexonixprofit.org\/de-ch\/ueber-uns\/\" class=\"footer-nav-link\"><\/a><a href=\"https:\/\/nexonixprofit.org\/de-ch\/ueber-uns\/\">\u00dcber uns<\/a>\n              <\/div>\n              <div class=\"footer-nav-item\">\n                <a href=\"https:\/\/nexonixprofit.org\/terms\/\" class=\"footer-nav-link\"><\/a><a href=\"https:\/\/nexonixprofit.org\/terms\/\">Bedingungen und Konditionen<\/a>\n              <\/div>\n              <div class=\"footer-nav-item\">\n                <a href=\"https:\/\/nexonixprofit.org\/policy\/\" class=\"footer-nav-link\"><\/a><a href=\"https:\/\/nexonixprofit.org\/policy\/\">Datenschutzbestimmungen<\/a>\n              <\/div>\n              <div class=\"footer-nav-item\">\n                <a href=\"https:\/\/nexonixprofit.org\/de-ch\/kontaktieren-sie-uns\/\" class=\"footer-nav-link\"><\/a><a href=\"https:\/\/nexonixprofit.org\/de-ch\/kontaktieren-sie-uns\/\">Kontaktieren Sie uns<\/a>\n              <\/div>\n              <div class=\"footer-nav-item\">\n                <div class=\"copyright\"><span class=\"year\">@2024<\/span>\n<\/div>\n              <\/div>\n            <\/div>\n          <\/div>\n        <\/div>\n        <div class=\"footer-disclaimer\">WARNUNG VOR HOHEM RISIKO: Der Handel mit Devisen, CFDs und Kryptow\u00e4hrungen ist hochspekulativ, birgt ein nicht zu vernachl\u00e4ssigendes Risiko und ist m\u00f6glicherweise nicht f\u00fcr alle Anleger geeignet.\nSie k\u00f6nnen einen Teil oder Ihr gesamtes investiertes Kapital verlieren. Daher sollten Sie nicht mit Kapital spekulieren, dessen Verlust Sie sich nicht leisten k\u00f6nnen.\nBitte beachten Sie die nachstehenden Risikohinweise.\nNexonix Profit macht keine Gewinne oder Verluste aufgrund Ihrer Aktivit\u00e4ten und arbeitet als Dienstleistungsunternehmen.\nNexonix Profit ist kein Finanzdienstleistungsunternehmen und ist nicht berechtigt, Finanzberatung zu leisten.\nDaher haftet Nexonix Profit nicht f\u00fcr Verluste, die \u00fcber oder in Verbindung mit dieser Informations-Website entstanden sind.     <br\/>\n<br\/>  OFFENLEGUNG DER WEBSITE-RISIKEN: Nexonix Profit \u00fcbernimmt keine Haftung f\u00fcr Verluste oder Sch\u00e4den, die sich aus dem Vertrauen auf die auf dieser Website enthaltenen Informationen ergeben; dies gilt auch f\u00fcr Lehrmaterial, Kursnotierungen und Charts sowie Analysen.\nSeien Sie sich der Risiken bewusst, die mit dem Handel an den Finanzm\u00e4rkten verbunden sind, und lassen Sie sich professionell beraten; investieren Sie nie mehr Geld, als Sie verlieren k\u00f6nnen.\nDie mit Devisen, CFDs und Kryptow\u00e4hrungen verbundenen Risiken sind m\u00f6glicherweise nicht f\u00fcr alle Anleger geeignet.\nNexonix Profit \u00fcbernimmt keine Verantwortung f\u00fcr etwaige Handelsverluste, die Ihnen durch die Nutzung der auf dieser Website bereitgestellten Daten oder durch Schlussfolgerungen daraus entstehen.   <br\/>\n<br\/>  RECHTLICHE BESCHR\u00c4NKUNGEN: Ohne die oben genannten Bestimmungen einzuschr\u00e4nken, sind Sie sich dar\u00fcber im Klaren, dass die Gesetze in Bezug auf finanzielle Aktivit\u00e4ten weltweit variieren, und es liegt in Ihrer Verantwortung, sicherzustellen, dass Sie alle Gesetze, Verordnungen oder Richtlinien in Ihrem Wohnsitzland in Bezug auf die Nutzung der Website ordnungsgem\u00e4\u00df einhalten.\nUm jeden Zweifel auszuschlie\u00dfen, bedeutet die M\u00f6glichkeit, auf unsere Website zuzugreifen, nicht notwendigerweise, dass unsere Dienstleistungen und\/oder Ihre Aktivit\u00e4ten \u00fcber die Website gem\u00e4\u00df den Gesetzen, Vorschriften oder Richtlinien Ihres Wohnsitzlandes legal sind.\nEs verst\u00f6\u00dft gegen das Gesetz, US-Personen zum Kauf und Verkauf von Rohstoffoptionen aufzufordern, auch wenn diese als &#171;Vorhersage&#187;-Kontrakte bezeichnet werden, es sei denn, sie sind zum Handel zugelassen und werden an einer CFTC-registrierten B\u00f6rse gehandelt, es sei denn, sie sind gesetzlich davon ausgenommen.\nDie britische Financial Conduct Authority hat eine Grundsatzerkl\u00e4rung PS20\/10 herausgegeben, die den Verkauf, die Werbung und den Vertrieb von CFD auf Krypto-Assets verbietet.\nSie verbietet die Verbreitung von Marketingmaterialien, die sich auf den Vertrieb von CFDs und anderen Finanzprodukten auf Basis von Kryptow\u00e4hrungen beziehen und sich an im Vereinigten K\u00f6nigreich ans\u00e4ssige Personen richten.\nDie Erbringung von Handelsdienstleistungen im Zusammenhang mit MiFID II-Finanzinstrumenten ist in der EU verboten, es sei denn, sie sind von den zust\u00e4ndigen Beh\u00f6rden und\/oder Regulierungsbeh\u00f6rden genehmigt\/lizenziert.\nBitte beachten Sie, dass wir m\u00f6glicherweise Werbegeb\u00fchren f\u00fcr Nutzer erhalten, die sich f\u00fcr die Er\u00f6ffnung eines Kontos bei unseren Werbepartnern \u00fcber die Websites der Werbepartner entscheiden.\nWir haben Cookies auf Ihrem Computer platziert, um Ihren Besuch auf dieser Website zu verbessern.\nSie k\u00f6nnen die Cookie-Einstellungen auf Ihrem Computer jederzeit \u00e4ndern.\nDurch die Nutzung dieser Website erkl\u00e4ren Sie sich mit dieser Website einverstanden.         <br\/>\n<br\/>  Bitte beachten Sie, dass die auf unserer Website abgebildeten Namen, einschlie\u00dflich, aber nicht beschr\u00e4nkt auf Nexonix Profit, ausschlie\u00dflich zu Marketing- und Illustrationszwecken dienen.\nDiese Namen repr\u00e4sentieren oder implizieren nicht die Existenz von bestimmten Unternehmen, Dienstleistern oder realen Personen.\nAu\u00dferdem sind die auf unserer Website gezeigten Bilder und\/oder Videos rein werblicher Natur und zeigen professionelle Schauspieler.\nBei diesen Schauspielern handelt es sich nicht um tats\u00e4chliche Nutzer, Kunden oder H\u00e4ndler, und ihre Darstellungen sollten nicht als Bef\u00fcrwortungen oder Darstellungen realer Erfahrungen interpretiert werden.\nAlle Inhalte dienen ausschlie\u00dflich der Veranschaulichung und sollten nicht als Tatsachenbehauptung oder als Begr\u00fcndung einer rechtsverbindlichen Beziehung ausgelegt werden.    <\/div>\n      <\/div>\n    <\/footer>\n  <\/div>\n","protected":false},"excerpt":{"rendered":"<p>Enth\u00fcllung der F\u00e4higkeiten von Nexonix Profit Entfesseln Sie das Potenzial der Nexonix Profit Plattform Nexonix&hellip;<\/p>\n","protected":false},"author":1,"featured_media":0,"parent":0,"menu_order":0,"comment_status":"closed","ping_status":"closed","template":"","meta":{"_acf_changed":false,"_monsterinsights_skip_tracking":false,"_monsterinsights_sitenote_active":false,"_monsterinsights_sitenote_note":"","_monsterinsights_sitenote_category":0,"footnotes":""},"class_list":["post-137","page","type-page","status-publish","hentry"],"acf":[],"_links":{"self":[{"href":"https:\/\/ch.nexonixprofit.org\/de-ch\/wp-json\/wp\/v2\/pages\/137"}],"collection":[{"href":"https:\/\/ch.nexonixprofit.org\/de-ch\/wp-json\/wp\/v2\/pages"}],"about":[{"href":"https:\/\/ch.nexonixprofit.org\/de-ch\/wp-json\/wp\/v2\/types\/page"}],"author":[{"embeddable":true,"href":"https:\/\/ch.nexonixprofit.org\/de-ch\/wp-json\/wp\/v2\/users\/1"}],"replies":[{"embeddable":true,"href":"https:\/\/ch.nexonixprofit.org\/de-ch\/wp-json\/wp\/v2\/comments?post=137"}],"version-history":[{"count":1,"href":"https:\/\/ch.nexonixprofit.org\/de-ch\/wp-json\/wp\/v2\/pages\/137\/revisions"}],"predecessor-version":[{"id":139,"href":"https:\/\/ch.nexonixprofit.org\/de-ch\/wp-json\/wp\/v2\/pages\/137\/revisions\/139"}],"wp:attachment":[{"href":"https:\/\/ch.nexonixprofit.org\/de-ch\/wp-json\/wp\/v2\/media?parent=137"}],"curies":[{"name":"wp","href":"https:\/\/api.w.org\/{rel}","templated":true}]}}