{"id":144,"date":"2024-08-21T11:19:57","date_gmt":"2024-08-21T11:19:57","guid":{"rendered":"https:\/\/nexonixprofit.org\/sobre-nosotros\/"},"modified":"2024-08-21T20:48:55","modified_gmt":"2024-08-21T20:48:55","slug":"sobre-nosotros","status":"publish","type":"page","link":"https:\/\/ch.nexonixprofit.org\/es\/sobre-nosotros\/","title":{"rendered":"Sobre nosotros"},"content":{"rendered":"\n<div class=\"main-wrapper\">\n    \n    <main class=\"content\">\n      <div class=\"intro-section abs wf-section\">\n        <div class=\"container w-container\">\n          <h1 class=\"intro-title abt\">DESVELAR LAS CAPACIDADES DE Nexonix Profit<br\/>\n<\/h1>\n        <\/div>\n      <\/div>\n      <div class=\"what-section wf-section\">\n        <div class=\"container w-container\">\n          <div class=\"cols what-cols\">\n            <div class=\"col-50 what-text-col\">\n              <h2 class=\"title what-title\">Libera el potencial de la Plataforma de Beneficios Nexonix<br\/>\n<\/h2>\n              <p class=\"p what-p\">Nacida de una ingeniosa sesi\u00f3n de intercambio de ideas en una prestigiosa conferencia tecnol\u00f3gica en 2019, Nexonix Profit surgi\u00f3 como una soluci\u00f3n innovadora para revolucionar el mercado de las criptomonedas.\nUn grupo diverso de operadores expertos, expertos financieros y entusiastas de la tecnolog\u00eda se unieron con una visi\u00f3n com\u00fan para desarrollar un software de vanguardia que proporcionara a los operadores una experiencia de negociaci\u00f3n fluida y eficiente.\nNuestro principal objetivo era eliminar las barreras a las que se enfrentan los operadores principiantes cuando se aventuran en el \u00e1mbito del comercio de criptomonedas en l\u00ednea.  <br\/>\n<br\/>  Gracias a las extraordinarias capacidades de Nexonix Profit, ahora cualquier persona puede operar con criptomonedas sin esfuerzo y con precisi\u00f3n, independientemente de su nivel de conocimientos.\nImpulsado por algoritmos de \u00faltima generaci\u00f3n, nuestro software genera se\u00f1ales de trading extraordinariamente precisas, que se adaptan tanto al trading manual como al automatizado.\nNuestra misi\u00f3n principal es equipar a las personas con las herramientas y recursos esenciales necesarios para alcanzar la independencia financiera en el din\u00e1mico mundo del comercio de criptomonedas en l\u00ednea.  <\/p>\n              <p class=\"p what-p\">Navegar por el panorama de la inversi\u00f3n en criptomonedas puede ser una tarea intimidante.\nAfortunadamente, la aplicaci\u00f3n Nexonix Profit est\u00e1 aqu\u00ed para ayudarte a tomar mejores decisiones y mejorar tus estrategias de inversi\u00f3n.\nAprovechando la tecnolog\u00eda algor\u00edtmica avanzada, nuestra plataforma analiza los datos del mercado en tiempo real, manteni\u00e9ndote informado sobre los mercados de criptomonedas de todo el mundo.\nAdaptadas a las necesidades y objetivos \u00fanicos de cada usuario, nuestras se\u00f1ales optimizadas salvaguardan tus inversiones existentes y amplifican tu \u00e9xito.\n\u00a1Prep\u00e1rate para trascender las limitaciones del trading con Nexonix Profit y toma decisiones de inversi\u00f3n m\u00e1s inteligentes hoy mismo!    <\/p>\n              <div class=\"what-btn-wrap\">\n                <a href=\"#formTop\" class=\"btn what-btn w-button\"><\/a><a href=\"#formTop\">EXPERIMENTA AHORA EL PODER DE Nexonix Profit<\/a>\n              <\/div>\n            <\/div>\n            <div class=\"col-50 what-img-col\">\n              <div class=\"what-img-wrap\"><img decoding=\"async\" src=\"https:\/\/nexonixprofit.org\/wp-content\/uploads\/2024\/08\/what.webp\" alt=\"Nexonix Profit - Libera el potencial de la plataforma Nexonix Profit\" class=\"what-img\"\/><\/div>\n            <\/div>\n          <\/div>\n        <\/div>\n      <\/div>\n      <div class=\"team-section wf-section\">\n        <div class=\"container relative w-container\">\n          <div class=\"cols\">\n            <div class=\"col-50 team-img-col\">\n              <div class=\"team-img-wrap\"><img decoding=\"async\" src=\"https:\/\/nexonixprofit.org\/wp-content\/uploads\/2024\/08\/team.webp\" alt=\"Nexonix Profit - El Equipo Nexonix Profit - Visionarios que impulsan la aplicaci\u00f3n Nexonix Profit\" class=\"team-img radi\"\/><\/div>\n            <\/div>\n            <div class=\"col-50 text-col\">\n              <h2 class=\"title team-title\">El Equipo Nexonix Profit &#8211; Visionarios que impulsan la aplicaci\u00f3n Nexonix Profit<br\/>\n<\/h2>\n              <p class=\"p team-p\">Con el objetivo de ayudar a los operadores e inversores a beneficiarse del comercio de criptomonedas, los creadores de Nexonix Profit han dedicado su experiencia a desarrollar un software de comercio automatizado.\nAprovechando sus diversas formaciones, que incluyen a veteranos operadores financieros, economistas, matem\u00e1ticos y desarrolladores l\u00edderes, colaboraron para producir el mejor software de negociaci\u00f3n del mundo.\nSorprendentemente, la fase de pruebas beta dio unos resultados impresionantes, atrayendo tanto a inversores principiantes como experimentados.\nTras este \u00e9xito, Nexonix Profit se present\u00f3 al p\u00fablico durante un tiempo limitado.\nAhora, puedes unirte a esta comunidad y aprovechar los conocimientos de los mejores operadores financieros actuales para generar ingresos pasivos diarios.    <\/p>\n              <div class=\"team-btn-wrap\">\n                <a href=\"#formTop\" class=\"btn w-button\"><\/a><a href=\"#formTop\">Comienza un viaje comercial sin igual inscribi\u00e9ndote hoy mismo<\/a>\n              <\/div>\n            <\/div>\n          <\/div>\n        <\/div>\n      <\/div>\n    <\/main>\n\t\n\t\n    <div class=\"sticky-btn-wrap\">\n      <a href=\"#formTop\" class=\"btn sticky-btn anchor-js w-button\"><\/a><a href=\"#formTop\">Empieza a operar hoy<\/a>\n    <\/div>\n    <footer class=\"footer\">\n      <div class=\"container w-container\">\n        <div class=\"footer-cols\">\n          <div class=\"footer-col fc-1\">\n            <a href=\"\/\" class=\"footer-logo w-inline-block\">\n              <img decoding=\"async\" src=\"https:\/\/nexonixprofit.org\/wp-content\/uploads\/2024\/08\/nexonix-profit-high-resolution-logo-transparent-2-1.png\" width=\"Auto\" alt=\"Nexonix Profit - Comienza tu viaje de trading con Nexonix Profit registr\u00e1ndote ahora\" height=\"40\" class=\"footer-img\"\/>\n            <\/a>\n          <\/div>\n          <div class=\"footer-col fc-2\">\n            <div class=\"footer-nav-list\">\n              <div class=\"footer-nav-item\">\n                <a href=\"https:\/\/nexonixprofit.org\/es\/sobre-nosotros\/\" class=\"footer-nav-link\"><\/a><a href=\"https:\/\/nexonixprofit.org\/es\/sobre-nosotros\/\">Sobre nosotros<\/a>\n              <\/div>\n              <div class=\"footer-nav-item\">\n                <a href=\"https:\/\/nexonixprofit.org\/terms\/\" class=\"footer-nav-link\"><\/a><a href=\"https:\/\/nexonixprofit.org\/terms\/\">T\u00e9rminos y condiciones<\/a>\n              <\/div>\n              <div class=\"footer-nav-item\">\n                <a href=\"https:\/\/nexonixprofit.org\/policy\/\" class=\"footer-nav-link\"><\/a><a href=\"https:\/\/nexonixprofit.org\/policy\/\">Pol\u00edtica de privacidad<\/a>\n              <\/div>\n              <div class=\"footer-nav-item\">\n                <a href=\"https:\/\/nexonixprofit.org\/es\/contacta-con-nosotros\/\" class=\"footer-nav-link\"><\/a><a href=\"https:\/\/nexonixprofit.org\/es\/contacta-con-nosotros\/\">Contacta con nosotros<\/a>\n              <\/div>\n              <div class=\"footer-nav-item\">\n                <div class=\"copyright\"><span class=\"year\">@2024<\/span>\n<\/div>\n              <\/div>\n            <\/div>\n          <\/div>\n        <\/div>\n        <div class=\"footer-disclaimer\">ADVERTENCIA DE ALTO RIESGO: Operar con divisas, CFD y criptomonedas es altamente especulativo, conlleva un nivel de riesgo no despreciable y puede no ser adecuado para todos los inversores.\nPuedes perder parte o la totalidad de tu capital invertido, por lo que no debes especular con un capital que no puedas permitirte perder.\nConsulta la informaci\u00f3n sobre riesgos que figura a continuaci\u00f3n.\nNexonix Profit no obtiene ni pierde beneficios en funci\u00f3n de tu actividad y opera como una empresa de servicios.\nNexonix Profit no es una empresa de servicios financieros y no puede proporcionar asesoramiento financiero.\nPor lo tanto, Nexonix Profit no ser\u00e1 responsable de las p\u00e9rdidas que se produzcan a trav\u00e9s de este sitio web informativo o en relaci\u00f3n con \u00e9l.     <br\/>\n<br\/>  DECLARACI\u00d3N DE RIESGO DEL SITIO WEB: Nexonix Profit no acepta ninguna responsabilidad por p\u00e9rdidas o da\u00f1os derivados de la confianza depositada en la informaci\u00f3n contenida en este sitio web; esto incluye material educativo, cotizaciones de precios y gr\u00e1ficos, y an\u00e1lisis.\nPor favor, s\u00e9 consciente de los riesgos asociados a operar en los mercados financieros y busca asesoramiento profesional al respecto; nunca inviertas m\u00e1s dinero del que puedas arriesgarte a perder.\nLos riesgos que entra\u00f1an las divisas, los CFD y las criptomonedas pueden no ser adecuados para todos los inversores.\nNexonix Profit no se responsabiliza de las p\u00e9rdidas que puedas sufrir en tus operaciones como resultado del uso o deducci\u00f3n de los datos alojados en este sitio.   <br\/>\n<br\/>  RESTRICCIONES LEGALES: Sin limitar las disposiciones mencionadas anteriormente, entiendes que las leyes relativas a las actividades financieras var\u00edan en todo el mundo, y es tu responsabilidad asegurarte de que cumples adecuadamente cualquier ley, reglamento o directriz de tu pa\u00eds de residencia en relaci\u00f3n con el uso del Sitio.\nPara evitar cualquier duda, la posibilidad de acceder a nuestro Sitio no significa necesariamente que nuestros Servicios y\/o tus actividades a trav\u00e9s del Sitio sean legales seg\u00fan las leyes, reglamentos o directivas pertinentes a tu pa\u00eds de residencia.\nEs contrario a la ley solicitar a particulares estadounidenses que compren y vendan opciones sobre materias primas, aunque se denominen contratos de \u00abpredicci\u00f3n\u00bb, a menos que coticen en bolsa y se negocien en una bolsa registrada en la CFTC, a menos que est\u00e9n legalmente exentos.\nLa Autoridad de Conducta Financiera del Reino Unido ha emitido una declaraci\u00f3n pol\u00edtica PS20\/10, que proh\u00edbe la venta, promoci\u00f3n y distribuci\u00f3n de CFD sobre criptoactivos.\nProh\u00edbe la difusi\u00f3n de materiales de marketing relativos a la distribuci\u00f3n de CFD y otros productos financieros basados en Criptodivisas dirigidos a residentes en el Reino Unido.\nLa prestaci\u00f3n de servicios de negociaci\u00f3n que impliquen cualquier instrumento financiero MiFID II est\u00e1 prohibida en la UE, a menos que est\u00e9 autorizada\/licenciada por las autoridades y\/o regulador(es) aplicable(s).\nTen en cuenta que podemos recibir comisiones por publicidad para los usuarios que opten por abrir una cuenta con nuestros anunciantes asociados a trav\u00e9s de los sitios web de los anunciantes.\nHemos colocado cookies en tu ordenador para ayudar a mejorar tu experiencia al visitar este sitio web.\nPuedes cambiar la configuraci\u00f3n de las cookies en tu ordenador en cualquier momento.\nEl uso de este sitio web indica que lo aceptas.         <br\/>\n<br\/>  Ten en cuenta que los nombres que aparecen en nuestro sitio web, incluido Nexonix Profit, pero sin limitarse a \u00e9l, tienen fines estrictamente ilustrativos y de marketing.\nEstos nombres no representan ni implican la existencia de entidades espec\u00edficas, proveedores de servicios o individuos de la vida real.\nAdem\u00e1s, las im\u00e1genes y\/o v\u00eddeos presentados en nuestro sitio web son de naturaleza puramente promocional y est\u00e1n protagonizados por actores profesionales.\nEstos actores no son usuarios, clientes o comerciantes reales, y sus representaciones no deben interpretarse como avales o representaciones de experiencias de la vida real.\nTodo el contenido est\u00e1 destinado \u00fanicamente a fines ilustrativos y no debe interpretarse como un hecho o como la formaci\u00f3n de cualquier relaci\u00f3n jur\u00eddicamente vinculante.    <\/div>\n      <\/div>\n    <\/footer>\n  <\/div>\n","protected":false},"excerpt":{"rendered":"<p>DESVELAR LAS CAPACIDADES DE Nexonix Profit Libera el potencial de la Plataforma de Beneficios Nexonix&hellip;<\/p>\n","protected":false},"author":1,"featured_media":0,"parent":0,"menu_order":0,"comment_status":"closed","ping_status":"closed","template":"","meta":{"_acf_changed":false,"_monsterinsights_skip_tracking":false,"_monsterinsights_sitenote_active":false,"_monsterinsights_sitenote_note":"","_monsterinsights_sitenote_category":0,"footnotes":""},"class_list":["post-144","page","type-page","status-publish","hentry"],"acf":[],"_links":{"self":[{"href":"https:\/\/ch.nexonixprofit.org\/es\/wp-json\/wp\/v2\/pages\/144"}],"collection":[{"href":"https:\/\/ch.nexonixprofit.org\/es\/wp-json\/wp\/v2\/pages"}],"about":[{"href":"https:\/\/ch.nexonixprofit.org\/es\/wp-json\/wp\/v2\/types\/page"}],"author":[{"embeddable":true,"href":"https:\/\/ch.nexonixprofit.org\/es\/wp-json\/wp\/v2\/users\/1"}],"replies":[{"embeddable":true,"href":"https:\/\/ch.nexonixprofit.org\/es\/wp-json\/wp\/v2\/comments?post=144"}],"version-history":[{"count":1,"href":"https:\/\/ch.nexonixprofit.org\/es\/wp-json\/wp\/v2\/pages\/144\/revisions"}],"predecessor-version":[{"id":147,"href":"https:\/\/ch.nexonixprofit.org\/es\/wp-json\/wp\/v2\/pages\/144\/revisions\/147"}],"wp:attachment":[{"href":"https:\/\/ch.nexonixprofit.org\/es\/wp-json\/wp\/v2\/media?parent=144"}],"curies":[{"name":"wp","href":"https:\/\/api.w.org\/{rel}","templated":true}]}}