{"id":145,"date":"2024-08-21T11:19:57","date_gmt":"2024-08-21T11:19:57","guid":{"rendered":"https:\/\/nexonixprofit.org\/a-propos-de-nous\/"},"modified":"2024-08-21T20:48:55","modified_gmt":"2024-08-21T20:48:55","slug":"a-propos-de-nous","status":"publish","type":"page","link":"https:\/\/ch.nexonixprofit.org\/fr\/a-propos-de-nous\/","title":{"rendered":"A propos de nous"},"content":{"rendered":"\n<div class=\"main-wrapper\">\n    \n    <main class=\"content\">\n      <div class=\"intro-section abs wf-section\">\n        <div class=\"container w-container\">\n          <h1 class=\"intro-title abt\">D\u00e9voiler les capacit\u00e9s de Nexonix Profit<br\/>\n<\/h1>\n        <\/div>\n      <\/div>\n      <div class=\"what-section wf-section\">\n        <div class=\"container w-container\">\n          <div class=\"cols what-cols\">\n            <div class=\"col-50 what-text-col\">\n              <h2 class=\"title what-title\">Lib\u00e9rer le potentiel de la plateforme Nexonix Profit<br\/>\n<\/h2>\n              <p class=\"p what-p\">N\u00e9 d&rsquo;une ing\u00e9nieuse s\u00e9ance de brainstorming lors d&rsquo;une prestigieuse conf\u00e9rence technologique en 2019, Nexonix Profit a \u00e9merg\u00e9 comme une solution r\u00e9volutionnaire pour r\u00e9volutionner le march\u00e9 des crypto-monnaies.\nUn groupe diversifi\u00e9 de traders avis\u00e9s, d&rsquo;experts financiers et de passionn\u00e9s de technologie s&rsquo;est uni avec une vision commune pour d\u00e9velopper un logiciel de pointe qui donnerait aux traders une exp\u00e9rience de trading transparente et efficace.\nNotre objectif premier \u00e9tait d&rsquo;\u00e9liminer les obstacles auxquels sont confront\u00e9s les traders novices lorsqu&rsquo;ils s&rsquo;aventurent dans le domaine du trading de crypto-monnaies en ligne.  <br\/>\n<br\/>  Gr\u00e2ce aux capacit\u00e9s remarquables de Nexonix Profit, chaque individu peut d\u00e9sormais n\u00e9gocier des crypto-monnaies sans effort et avec pr\u00e9cision, quel que soit son niveau de comp\u00e9tence.\nAliment\u00e9 par des algorithmes de pointe, notre logiciel g\u00e9n\u00e8re des signaux de trading remarquablement pr\u00e9cis, r\u00e9pondant \u00e0 la fois au trading manuel et automatis\u00e9.\nNotre mission principale est d&rsquo;\u00e9quiper les individus avec les outils et les ressources essentiels n\u00e9cessaires pour atteindre l&rsquo;ind\u00e9pendance financi\u00e8re dans le monde dynamique du trading de crypto-monnaies en ligne.  <\/p>\n              <p class=\"p what-p\">Naviguer dans le paysage de l&rsquo;investissement en crypto-monnaies peut \u00eatre une entreprise intimidante.\nHeureusement, l&rsquo;application Nexonix Profit est l\u00e0 pour vous aider \u00e0 prendre de meilleures d\u00e9cisions et \u00e0 am\u00e9liorer vos strat\u00e9gies de trading !\nS&rsquo;appuyant sur une technologie algorithmique avanc\u00e9e, notre plateforme analyse les donn\u00e9es du march\u00e9 en temps r\u00e9el, vous tenant inform\u00e9 des march\u00e9s cryptographiques dans le monde entier.\nAdapt\u00e9s aux besoins et objectifs uniques de chaque utilisateur, nos signaux optimis\u00e9s prot\u00e8gent vos investissements existants et amplifient votre succ\u00e8s.\nPr\u00e9parez-vous \u00e0 transcender les limites du trading avec Nexonix Profit et faites des choix d&rsquo;investissement plus intelligents d\u00e8s aujourd&rsquo;hui !    <\/p>\n              <div class=\"what-btn-wrap\">\n                <a href=\"#formTop\" class=\"btn what-btn w-button\"><\/a><a href=\"#formTop\">Faites l&rsquo;exp\u00e9rience de la puissance de Nexonix Profit MAINTENANT<\/a>\n              <\/div>\n            <\/div>\n            <div class=\"col-50 what-img-col\">\n              <div class=\"what-img-wrap\"><img decoding=\"async\" src=\"https:\/\/nexonixprofit.org\/wp-content\/uploads\/2024\/08\/what.webp\" alt=\"Nexonix Profit - Lib\u00e9rer le potentiel de la plateforme Nexonix Profit\" class=\"what-img\"\/><\/div>\n            <\/div>\n          <\/div>\n        <\/div>\n      <\/div>\n      <div class=\"team-section wf-section\">\n        <div class=\"container relative w-container\">\n          <div class=\"cols\">\n            <div class=\"col-50 team-img-col\">\n              <div class=\"team-img-wrap\"><img decoding=\"async\" src=\"https:\/\/nexonixprofit.org\/wp-content\/uploads\/2024\/08\/team.webp\" alt=\"Nexonix Profit - L'\u00e9quipe Nexonix Profit - Les visionnaires qui alimentent l'application Nexonix Profit\" class=\"team-img radi\"\/><\/div>\n            <\/div>\n            <div class=\"col-50 text-col\">\n              <h2 class=\"title team-title\">L&rsquo;\u00e9quipe Nexonix Profit &#8211; Les visionnaires qui alimentent l&rsquo;application Nexonix Profit<br\/>\n<\/h2>\n              <p class=\"p team-p\">Dans le but d&rsquo;aider les traders et les investisseurs \u00e0 tirer profit des \u00e9changes de crypto-monnaies, les cr\u00e9ateurs de Nexonix Profit ont consacr\u00e9 leur expertise au d\u00e9veloppement d&rsquo;un logiciel de trading automatis\u00e9.\nTirant parti de leurs diverses exp\u00e9riences, qui incluent des traders financiers chevronn\u00e9s, des \u00e9conomistes, des math\u00e9maticiens et des d\u00e9veloppeurs de premier plan, ils ont collabor\u00e9 pour produire le meilleur logiciel de trading au monde.\nRemarquablement, la phase de test b\u00eata a donn\u00e9 des r\u00e9sultats impressionnants, attirant \u00e0 la fois des investisseurs novices et exp\u00e9riment\u00e9s.\nSuite \u00e0 ce succ\u00e8s, Nexonix Profit a \u00e9t\u00e9 introduit au public pour une dur\u00e9e limit\u00e9e.\nVous pouvez d\u00e9sormais rejoindre cette communaut\u00e9 et profiter des connaissances des meilleurs traders financiers d&rsquo;aujourd&rsquo;hui pour g\u00e9n\u00e9rer des revenus passifs quotidiens.    <\/p>\n              <div class=\"team-btn-wrap\">\n                <a href=\"#formTop\" class=\"btn w-button\"><\/a><a href=\"#formTop\">Commencez un voyage commercial sans pr\u00e9c\u00e9dent en vous inscrivant d\u00e8s aujourd&rsquo;hui.<\/a>\n              <\/div>\n            <\/div>\n          <\/div>\n        <\/div>\n      <\/div>\n    <\/main>\n\t\n\t\n    <div class=\"sticky-btn-wrap\">\n      <a href=\"#formTop\" class=\"btn sticky-btn anchor-js w-button\"><\/a><a href=\"#formTop\">Commencez \u00e0 n\u00e9gocier aujourd&rsquo;hui<\/a>\n    <\/div>\n    <footer class=\"footer\">\n      <div class=\"container w-container\">\n        <div class=\"footer-cols\">\n          <div class=\"footer-col fc-1\">\n            <a href=\"\/\" class=\"footer-logo w-inline-block\">\n              <img decoding=\"async\" src=\"https:\/\/nexonixprofit.org\/wp-content\/uploads\/2024\/08\/nexonix-profit-high-resolution-logo-transparent-2-1.png\" width=\"Auto\" alt=\"Nexonix Profit - Commencez votre voyage de trading Nexonix Profit en vous inscrivant maintenant.\" height=\"40\" class=\"footer-img\"\/>\n            <\/a>\n          <\/div>\n          <div class=\"footer-col fc-2\">\n            <div class=\"footer-nav-list\">\n              <div class=\"footer-nav-item\">\n                <a href=\"https:\/\/nexonixprofit.org\/fr\/a-propos-de-nous\/\" class=\"footer-nav-link\"><\/a><a href=\"https:\/\/nexonixprofit.org\/fr\/a-propos-de-nous\/\">A propos de nous<\/a>\n              <\/div>\n              <div class=\"footer-nav-item\">\n                <a href=\"https:\/\/nexonixprofit.org\/terms\/\" class=\"footer-nav-link\"><\/a><a href=\"https:\/\/nexonixprofit.org\/terms\/\">Conditions g\u00e9n\u00e9rales d&rsquo;utilisation<\/a>\n              <\/div>\n              <div class=\"footer-nav-item\">\n                <a href=\"https:\/\/nexonixprofit.org\/policy\/\" class=\"footer-nav-link\"><\/a><a href=\"https:\/\/nexonixprofit.org\/policy\/\">Politique de confidentialit\u00e9<\/a>\n              <\/div>\n              <div class=\"footer-nav-item\">\n                <a href=\"https:\/\/nexonixprofit.org\/fr\/contactez-nous\/\" class=\"footer-nav-link\"><\/a><a href=\"https:\/\/nexonixprofit.org\/fr\/contactez-nous\/\">Contactez nous<\/a>\n              <\/div>\n              <div class=\"footer-nav-item\">\n                <div class=\"copyright\">@<span class=\"year\">2024<\/span>\n<\/div>\n              <\/div>\n            <\/div>\n          <\/div>\n        <\/div>\n        <div class=\"footer-disclaimer\">AVERTISSEMENT SUR LE RISQUE \u00c9LEV\u00c9 : Traiter ou n\u00e9gocier des devises, des CFD et des crypto-monnaies est hautement sp\u00e9culatif, comporte un niveau de risque non n\u00e9gligeable et peut ne pas convenir \u00e0 tous les investisseurs.\nVous pouvez perdre une partie ou la totalit\u00e9 de votre capital investi, c&rsquo;est pourquoi vous ne devez pas sp\u00e9culer avec un capital que vous ne pouvez pas vous permettre de perdre.\nVeuillez vous r\u00e9f\u00e9rer \u00e0 l&rsquo;information sur les risques ci-dessous.\nNexonix Profit ne gagne ni ne perd de b\u00e9n\u00e9fices en fonction de votre activit\u00e9 et fonctionne comme une soci\u00e9t\u00e9 de services.\nNexonix Profit n&rsquo;est pas une soci\u00e9t\u00e9 de services financiers et n&rsquo;est pas habilit\u00e9e \u00e0 fournir des conseils financiers.\nPar cons\u00e9quent, Nexonix Profit n&rsquo;est pas responsable des pertes subies par l&rsquo;interm\u00e9diaire de ce site Web d&rsquo;information ou en relation avec celui-ci.     <br\/>\n<br\/>  DIVULGATION DES RISQUES DU SITE : Nexonix Profit n&rsquo;accepte aucune responsabilit\u00e9 en cas de perte ou de dommage r\u00e9sultant de la confiance accord\u00e9e aux informations contenues dans ce site web, y compris le mat\u00e9riel p\u00e9dagogique, les cotations de prix et les graphiques, ainsi que les analyses.\nSoyez conscient des risques associ\u00e9s \u00e0 la n\u00e9gociation des march\u00e9s financiers et demandez conseil \u00e0 un professionnel ; n&rsquo;investissez jamais plus d&rsquo;argent que vous ne risquez d&rsquo;en perdre.\nLes risques li\u00e9s aux op\u00e9rations de change, aux CFD et aux crypto-monnaies peuvent ne pas convenir \u00e0 tous les investisseurs.\nNexonix Profit ne retient pas la responsabilit\u00e9 des pertes de trading auxquelles vous pourriez faire face suite \u00e0 l&rsquo;utilisation ou \u00e0 la d\u00e9duction des donn\u00e9es h\u00e9berg\u00e9es sur ce site.   <br\/>\n<br\/>  RESTRICTIONS JURIDIQUES : Sans limiter les dispositions susmentionn\u00e9es, vous comprenez que les lois concernant les activit\u00e9s financi\u00e8res varient dans le monde entier et qu&rsquo;il est de votre responsabilit\u00e9 de vous assurer que vous respectez correctement toute loi, r\u00e9glementation ou directive de votre pays de r\u00e9sidence concernant l&rsquo;utilisation du site.\nPour \u00e9viter toute ambigu\u00eft\u00e9, la possibilit\u00e9 d&rsquo;acc\u00e9der \u00e0 notre site ne signifie pas n\u00e9cessairement que nos services et\/ou vos activit\u00e9s par l&rsquo;interm\u00e9diaire du site sont l\u00e9gaux au regard des lois, r\u00e8glements ou directives en vigueur dans votre pays de r\u00e9sidence.\nIl est ill\u00e9gal de solliciter des particuliers am\u00e9ricains pour acheter et vendre des options sur mati\u00e8res premi\u00e8res, m\u00eame s&rsquo;il s&rsquo;agit de contrats \u00ab\u00a0pr\u00e9visionnels\u00a0\u00bb, \u00e0 moins qu&rsquo;ils ne soient cot\u00e9s et n\u00e9goci\u00e9s sur une bourse enregistr\u00e9e aupr\u00e8s de la CFTC, \u00e0 moins qu&rsquo;ils ne soient l\u00e9galement exempt\u00e9s.\nLa Financial Conduct Authority du Royaume-Uni a publi\u00e9 une d\u00e9claration de principe PS20\/10, qui interdit la vente, la promotion et la distribution de CFD sur les crypto-actifs.\nElle interdit la diffusion de mat\u00e9riel de marketing relatif \u00e0 la distribution de CFD et d&rsquo;autres produits financiers bas\u00e9s sur les crypto-monnaies qui s&rsquo;adressent aux r\u00e9sidents du Royaume-Uni.\nLa fourniture de services de trading impliquant tout instrument financier MiFID II est interdite dans l&rsquo;UE, sauf si elle est autoris\u00e9e\/licenci\u00e9e par les autorit\u00e9s et\/ou le(s) r\u00e9gulateur(s) applicable(s).\nVeuillez noter que nous pouvons percevoir des frais de publicit\u00e9 pour les utilisateurs qui choisissent d&rsquo;ouvrir un compte aupr\u00e8s de nos partenaires annonceurs via les sites web des annonceurs.\nNous avons plac\u00e9 des cookies sur votre ordinateur afin d&rsquo;am\u00e9liorer votre exp\u00e9rience lorsque vous visitez ce site web.\nVous pouvez modifier les param\u00e8tres des cookies sur votre ordinateur \u00e0 tout moment.\nL&rsquo;utilisation de ce site web indique que vous l&rsquo;acceptez.         <br\/>\n<br\/>  Veuillez noter que les noms figurant sur notre site Web, y compris, mais sans s&rsquo;y limiter, celui de Nexonix Profit, sont strictement utilis\u00e9s \u00e0 des fins de marketing et d&rsquo;illustration.\nCes noms ne repr\u00e9sentent ni n&rsquo;impliquent l&rsquo;existence d&rsquo;entit\u00e9s sp\u00e9cifiques, de fournisseurs de services ou de personnes r\u00e9elles.\nEn outre, les images et\/ou vid\u00e9os pr\u00e9sent\u00e9es sur notre site web sont de nature purement promotionnelle et mettent en sc\u00e8ne des acteurs professionnels.\nCes acteurs ne sont pas des utilisateurs, des clients ou des n\u00e9gociants r\u00e9els, et leurs repr\u00e9sentations ne doivent pas \u00eatre interpr\u00e9t\u00e9es comme des approbations ou des repr\u00e9sentations d&rsquo;exp\u00e9riences r\u00e9elles.\nTout le contenu est destin\u00e9 uniquement \u00e0 des fins d&rsquo;illustration et ne doit pas \u00eatre interpr\u00e9t\u00e9 comme \u00e9tant factuel ou comme formant une relation juridiquement contraignante.    <\/div>\n      <\/div>\n    <\/footer>\n  <\/div>\n","protected":false},"excerpt":{"rendered":"<p>D\u00e9voiler les capacit\u00e9s de Nexonix Profit Lib\u00e9rer le potentiel de la plateforme Nexonix Profit N\u00e9&hellip;<\/p>\n","protected":false},"author":1,"featured_media":0,"parent":0,"menu_order":0,"comment_status":"closed","ping_status":"closed","template":"","meta":{"_acf_changed":false,"_monsterinsights_skip_tracking":false,"_monsterinsights_sitenote_active":false,"_monsterinsights_sitenote_note":"","_monsterinsights_sitenote_category":0,"footnotes":""},"class_list":["post-145","page","type-page","status-publish","hentry"],"acf":[],"_links":{"self":[{"href":"https:\/\/ch.nexonixprofit.org\/fr\/wp-json\/wp\/v2\/pages\/145"}],"collection":[{"href":"https:\/\/ch.nexonixprofit.org\/fr\/wp-json\/wp\/v2\/pages"}],"about":[{"href":"https:\/\/ch.nexonixprofit.org\/fr\/wp-json\/wp\/v2\/types\/page"}],"author":[{"embeddable":true,"href":"https:\/\/ch.nexonixprofit.org\/fr\/wp-json\/wp\/v2\/users\/1"}],"replies":[{"embeddable":true,"href":"https:\/\/ch.nexonixprofit.org\/fr\/wp-json\/wp\/v2\/comments?post=145"}],"version-history":[{"count":1,"href":"https:\/\/ch.nexonixprofit.org\/fr\/wp-json\/wp\/v2\/pages\/145\/revisions"}],"predecessor-version":[{"id":146,"href":"https:\/\/ch.nexonixprofit.org\/fr\/wp-json\/wp\/v2\/pages\/145\/revisions\/146"}],"wp:attachment":[{"href":"https:\/\/ch.nexonixprofit.org\/fr\/wp-json\/wp\/v2\/media?parent=145"}],"curies":[{"name":"wp","href":"https:\/\/api.w.org\/{rel}","templated":true}]}}