{"id":136,"date":"2024-08-21T11:19:57","date_gmt":"2024-08-21T11:19:57","guid":{"rendered":"https:\/\/nexonixprofit.org\/chi-siamo\/"},"modified":"2024-08-21T20:48:55","modified_gmt":"2024-08-21T20:48:55","slug":"chi-siamo","status":"publish","type":"page","link":"https:\/\/ch.nexonixprofit.org\/it\/chi-siamo\/","title":{"rendered":"Chi siamo"},"content":{"rendered":"\n<div class=\"main-wrapper\">\n    \n    <main class=\"content\">\n      <div class=\"intro-section abs wf-section\">\n        <div class=\"container w-container\">\n          <h1 class=\"intro-title abt\">Svelare le capacit\u00e0 di Nexonix Profit<br\/>\n<\/h1>\n        <\/div>\n      <\/div>\n      <div class=\"what-section wf-section\">\n        <div class=\"container w-container\">\n          <div class=\"cols what-cols\">\n            <div class=\"col-50 what-text-col\">\n              <h2 class=\"title what-title\">Liberare il potenziale della piattaforma Nexonix Profit<br\/>\n<\/h2>\n              <p class=\"p what-p\">Nata da un&#8217;ingegnosa sessione di brainstorming durante una prestigiosa conferenza tecnologica nel 2019, Nexonix Profit \u00e8 emersa come una soluzione innovativa per rivoluzionare il mercato delle criptovalute.\nUn gruppo eterogeneo di trader esperti, esperti di finanza e appassionati di tecnologia si \u00e8 unito con una visione comune: sviluppare un software all&#8217;avanguardia che permettesse ai trader un&#8217;esperienza di trading efficiente e senza interruzioni.\nIl nostro obiettivo principale era quello di eliminare le barriere che i trader alle prime armi devono affrontare quando si avventurano nel mondo del trading online di criptovalute.  <br\/>\n<br\/>  Grazie alle straordinarie capacit\u00e0 di Nexonix Profit, ogni persona pu\u00f2 ora negoziare le criptovalute in modo semplice e accurato, indipendentemente dal proprio livello di competenza.\nGrazie ad algoritmi all&#8217;avanguardia, il nostro software genera segnali di trading estremamente precisi, adatti sia al trading manuale che a quello automatizzato.\nLa nostra missione principale \u00e8 quella di fornire alle persone gli strumenti e le risorse essenziali per raggiungere l&#8217;indipendenza finanziaria nel dinamico mondo del trading online di criptovalute.  <\/p>\n              <p class=\"p what-p\">Navigare nel panorama degli investimenti in criptovalute pu\u00f2 essere un&#8217;impresa intimidatoria.\nFortunatamente, l&#8217;applicazione Nexonix Profit \u00e8 qui per aiutarti a prendere decisioni migliori e migliorare le strategie di trading!\nSfruttando una tecnologia algoritmica avanzata, la nostra piattaforma analizza i dati di mercato in tempo reale, tenendoti informato sui mercati delle criptovalute di tutto il mondo.\nPersonalizzati in base alle esigenze e agli obiettivi di ogni utente, i nostri segnali ottimizzati salvaguardano i tuoi investimenti e amplificano il tuo successo.\nPreparati a superare i limiti del trading con Nexonix Profit e a fare scelte di investimento pi\u00f9 intelligenti oggi stesso!    <\/p>\n              <div class=\"what-btn-wrap\">\n                <a href=\"#formTop\" class=\"btn what-btn w-button\"><\/a><a href=\"#formTop\">Sperimenta subito la potenza di Nexonix Profit<\/a>\n              <\/div>\n            <\/div>\n            <div class=\"col-50 what-img-col\">\n              <div class=\"what-img-wrap\"><img decoding=\"async\" src=\"https:\/\/nexonixprofit.org\/wp-content\/uploads\/2024\/08\/what.webp\" alt=\"Nexonix Profit - Liberare il potenziale della piattaforma Nexonix Profit\" class=\"what-img\"\/><\/div>\n            <\/div>\n          <\/div>\n        <\/div>\n      <\/div>\n      <div class=\"team-section wf-section\">\n        <div class=\"container relative w-container\">\n          <div class=\"cols\">\n            <div class=\"col-50 team-img-col\">\n              <div class=\"team-img-wrap\"><img decoding=\"async\" src=\"https:\/\/nexonixprofit.org\/wp-content\/uploads\/2024\/08\/team.webp\" alt=\"Nexonix Profit - Il team Nexonix Profit - I visionari che alimentano l'App Nexonix Profit\" class=\"team-img radi\"\/><\/div>\n            <\/div>\n            <div class=\"col-50 text-col\">\n              <h2 class=\"title team-title\">Il team Nexonix Profit &#8211; I visionari che alimentano l&#8217;App Nexonix Profit<br\/>\n<\/h2>\n              <p class=\"p team-p\">Con l&#8217;obiettivo di aiutare i trader e gli investitori a trarre profitto dal trading di criptovalute, i creatori di Nexonix Profit hanno dedicato la loro esperienza allo sviluppo di un software di trading automatico.\nSfruttando i loro diversi background, che includono trader finanziari veterani, economisti, matematici e sviluppatori di primo piano, hanno collaborato per produrre il miglior software di trading al mondo.\nLa fase di beta testing ha dato risultati impressionanti, attirando sia investitori principianti che esperti.\nIn seguito a questo successo, Nexonix Profit \u00e8 stato introdotto al pubblico per un periodo limitato.\nOra puoi unirti a questa comunit\u00e0 e sfruttare le conoscenze dei migliori trader finanziari di oggi per generare un reddito passivo giornaliero.    <\/p>\n              <div class=\"team-btn-wrap\">\n                <a href=\"#formTop\" class=\"btn w-button\"><\/a><a href=\"#formTop\">Inizia un viaggio nel trading senza precedenti iscrivendoti oggi stesso.<\/a>\n              <\/div>\n            <\/div>\n          <\/div>\n        <\/div>\n      <\/div>\n    <\/main>\n\t\n\t\n    <div class=\"sticky-btn-wrap\">\n      <a href=\"#formTop\" class=\"btn sticky-btn anchor-js w-button\"><\/a><a href=\"#formTop\">Inizia a fare trading oggi stesso<\/a>\n    <\/div>\n    <footer class=\"footer\">\n      <div class=\"container w-container\">\n        <div class=\"footer-cols\">\n          <div class=\"footer-col fc-1\">\n            <a href=\"\/\" class=\"footer-logo w-inline-block\">\n              <img decoding=\"async\" src=\"https:\/\/nexonixprofit.org\/wp-content\/uploads\/2024\/08\/nexonix-profit-high-resolution-logo-transparent-2-1.png\" width=\"Auto\" alt=\"Nexonix Profit - Inizia il tuo viaggio nel trading Nexonix Profit registrandoti adesso\" height=\"40\" class=\"footer-img\"\/>\n            <\/a>\n          <\/div>\n          <div class=\"footer-col fc-2\">\n            <div class=\"footer-nav-list\">\n              <div class=\"footer-nav-item\">\n                <a href=\"https:\/\/nexonixprofit.org\/it\/chi-siamo\/\" class=\"footer-nav-link\"><\/a><a href=\"https:\/\/nexonixprofit.org\/it\/chi-siamo\/\">Chi siamo<\/a>\n              <\/div>\n              <div class=\"footer-nav-item\">\n                <a href=\"https:\/\/nexonixprofit.org\/terms\/\" class=\"footer-nav-link\"><\/a><a href=\"https:\/\/nexonixprofit.org\/terms\/\">Termini e condizioni<\/a>\n              <\/div>\n              <div class=\"footer-nav-item\">\n                <a href=\"https:\/\/nexonixprofit.org\/policy\/\" class=\"footer-nav-link\"><\/a><a href=\"https:\/\/nexonixprofit.org\/policy\/\">Informativa sulla privacy<\/a>\n              <\/div>\n              <div class=\"footer-nav-item\">\n                <a href=\"https:\/\/nexonixprofit.org\/it\/contattaci\/\" class=\"footer-nav-link\"><\/a><a href=\"https:\/\/nexonixprofit.org\/it\/contattaci\/\">Contattaci<\/a>\n              <\/div>\n              <div class=\"footer-nav-item\">\n                <div class=\"copyright\"><span class=\"year\">@2024<\/span>\n<\/div>\n              <\/div>\n            <\/div>\n          <\/div>\n        <\/div>\n        <div class=\"footer-disclaimer\">AVVISO DI ALTO RISCHIO: la negoziazione di FX, CFD e criptovalute \u00e8 altamente speculativa, comporta un livello di rischio non trascurabile e potrebbe non essere adatta a tutti gli investitori.\nPotresti perdere una parte o la totalit\u00e0 del capitale investito, pertanto non dovresti speculare con un capitale che non puoi permetterti di perdere.\nConsulta le informazioni sui rischi riportate di seguito.\nNexonix Profit non guadagna o perde profitti in base alla tua attivit\u00e0 e opera come una societ\u00e0 di servizi.\nNexonix Profit non \u00e8 una societ\u00e0 di servizi finanziari e non pu\u00f2 fornire consulenza finanziaria.\nPertanto, Nexonix Profit non sar\u00e0 responsabile di eventuali perdite subite tramite o in relazione a questo sito web informativo.     <br\/>\n<br\/>  INFORMATIVA SUI RISCHI DEL SITO: Nexonix Profit non si assume alcuna responsabilit\u00e0 per perdite o danni derivanti dall&#8217;affidamento alle informazioni contenute in questo sito web; ci\u00f2 include materiale didattico, quotazioni, grafici e analisi.\nTi invitiamo a conoscere e a richiedere una consulenza professionale per i rischi associati al trading sui mercati finanziari; non investire mai pi\u00f9 denaro di quanto tu possa rischiare di perdere.\nI rischi legati a FX, CFD e criptovalute potrebbero non essere adatti a tutti gli investitori.\nNexonix Profit non si assume alcuna responsabilit\u00e0 per le perdite di trading che potresti subire in seguito all&#8217;utilizzo o alla deduzione dei dati presenti su questo sito.   <br\/>\n<br\/>  RESTRIZIONI LEGALI: Senza limitare le disposizioni di cui sopra, l&#8217;utente \u00e8 consapevole che le leggi in materia di attivit\u00e0 finanziarie variano in tutto il mondo ed \u00e8 sua responsabilit\u00e0 assicurarsi di rispettare correttamente qualsiasi legge, regolamento o direttiva del suo paese di residenza in merito all&#8217;uso del Sito.\nPer evitare qualsiasi dubbio, la possibilit\u00e0 di accedere al nostro Sito non significa necessariamente che i nostri Servizi e\/o le tue attivit\u00e0 attraverso il Sito siano legali ai sensi delle leggi, dei regolamenti o delle direttive vigenti nel tuo paese di residenza.\n\u00c8 contro la legge sollecitare individui statunitensi all&#8217;acquisto e alla vendita di opzioni su materie prime, anche se sono chiamate &#8220;contratti di previsione&#8221;, a meno che non siano quotate per la negoziazione e negoziate su una borsa registrata dalla CFTC, a meno che non siano legalmente esenti.\nLa Financial Conduct Authority del Regno Unito ha emesso una dichiarazione di politica PS20\/10, che vieta la vendita, la promozione e la distribuzione di CFD su asset Crypto.\nVieta la diffusione di materiali di marketing relativi alla distribuzione di CFD e altri prodotti finanziari basati sulle criptovalute rivolti ai residenti nel Regno Unito.\nLa fornitura di servizi di trading che coinvolgono strumenti finanziari MiFID II \u00e8 vietata nell&#8217;UE, a meno che non sia autorizzata\/licenziata dalle autorit\u00e0 e\/o dalle autorit\u00e0 di regolamentazione applicabili.\nSi prega di notare che potremmo ricevere commissioni pubblicitarie per gli utenti che scelgono di aprire un conto con i nostri inserzionisti partner attraverso i siti web degli inserzionisti.\nAbbiamo inserito dei cookie nel tuo computer per aiutarti a migliorare la tua esperienza di visita a questo sito web.\nPuoi modificare le impostazioni dei cookie sul tuo computer in qualsiasi momento.\nL&#8217;utilizzo di questo sito web indica l&#8217;accettazione di questo sito web.         <br\/>\n<br\/>  Ti informiamo che i nomi riportati sul nostro sito web, incluso ma non limitato a Nexonix Profit, sono strettamente a scopo marketing e illustrativo.\nQuesti nomi non rappresentano o implicano l&#8217;esistenza di entit\u00e0 specifiche, fornitori di servizi o persone reali.\nInoltre, le immagini e\/o i video presentati sul nostro sito web sono di natura puramente promozionale e presentano attori professionisti.\nQuesti attori non sono utenti, clienti o trader reali e le loro rappresentazioni non devono essere interpretate come approvazioni o rappresentazioni di esperienze reali.\nTutti i contenuti sono intesi esclusivamente a scopo illustrativo e non devono essere interpretati come fatti reali o come relazioni legalmente vincolanti.    <\/div>\n      <\/div>\n    <\/footer>\n  <\/div>\n","protected":false},"excerpt":{"rendered":"<p>Svelare le capacit\u00e0 di Nexonix Profit Liberare il potenziale della piattaforma Nexonix Profit Nata da&hellip;<\/p>\n","protected":false},"author":1,"featured_media":0,"parent":0,"menu_order":0,"comment_status":"closed","ping_status":"closed","template":"","meta":{"_acf_changed":false,"_monsterinsights_skip_tracking":false,"_monsterinsights_sitenote_active":false,"_monsterinsights_sitenote_note":"","_monsterinsights_sitenote_category":0,"footnotes":""},"class_list":["post-136","page","type-page","status-publish","hentry"],"acf":[],"_links":{"self":[{"href":"https:\/\/ch.nexonixprofit.org\/it\/wp-json\/wp\/v2\/pages\/136"}],"collection":[{"href":"https:\/\/ch.nexonixprofit.org\/it\/wp-json\/wp\/v2\/pages"}],"about":[{"href":"https:\/\/ch.nexonixprofit.org\/it\/wp-json\/wp\/v2\/types\/page"}],"author":[{"embeddable":true,"href":"https:\/\/ch.nexonixprofit.org\/it\/wp-json\/wp\/v2\/users\/1"}],"replies":[{"embeddable":true,"href":"https:\/\/ch.nexonixprofit.org\/it\/wp-json\/wp\/v2\/comments?post=136"}],"version-history":[{"count":1,"href":"https:\/\/ch.nexonixprofit.org\/it\/wp-json\/wp\/v2\/pages\/136\/revisions"}],"predecessor-version":[{"id":138,"href":"https:\/\/ch.nexonixprofit.org\/it\/wp-json\/wp\/v2\/pages\/136\/revisions\/138"}],"wp:attachment":[{"href":"https:\/\/ch.nexonixprofit.org\/it\/wp-json\/wp\/v2\/media?parent=136"}],"curies":[{"name":"wp","href":"https:\/\/api.w.org\/{rel}","templated":true}]}}