{"id":149,"date":"2024-08-21T11:19:57","date_gmt":"2024-08-21T11:19:57","guid":{"rendered":"https:\/\/nexonixprofit.org\/om-oss\/"},"modified":"2024-08-21T20:48:55","modified_gmt":"2024-08-21T20:48:55","slug":"om-oss","status":"publish","type":"page","link":"https:\/\/ch.nexonixprofit.org\/no\/om-oss\/","title":{"rendered":"Om oss"},"content":{"rendered":"\n<div class=\"main-wrapper\">\n    \n    <main class=\"content\">\n      <div class=\"intro-section abs wf-section\">\n        <div class=\"container w-container\">\n          <h1 class=\"intro-title abt\">Avdukingen av Nexonix Profits kapasitet<br\/>\n<\/h1>\n        <\/div>\n      <\/div>\n      <div class=\"what-section wf-section\">\n        <div class=\"container w-container\">\n          <div class=\"cols what-cols\">\n            <div class=\"col-50 what-text-col\">\n              <h2 class=\"title what-title\">Utnytt potensialet i Nexonix Profit-plattformen<br\/>\n<\/h2>\n              <p class=\"p what-p\">Nexonix Profit ble til under en genial id\u00e9dugnad p\u00e5 en prestisjefylt teknologikonferanse i 2019, og er en banebrytende l\u00f8sning som skal revolusjonere kryptovalutamarkedet.\nEn mangfoldig gruppe av kunnskapsrike tradere, finanseksperter og teknologientusiaster gikk sammen med en felles visjon om \u00e5 utvikle banebrytende programvare som ville gi tradere en s\u00f8ml\u00f8s og effektiv handelsopplevelse.\nV\u00e5rt fremste m\u00e5l var \u00e5 eliminere barrierene som uerfarne tradere st\u00e5r overfor n\u00e5r de begir seg inn p\u00e5 kryptohandel p\u00e5 nett.  <br\/>\n<br\/>  Takket v\u00e6re de bemerkelsesverdige egenskapene til Nexonix Profit kan hver enkelt person n\u00e5 enkelt og n\u00f8yaktig handle kryptovalutaer, uavhengig av ferdighetsniv\u00e5.\nProgramvaren v\u00e5r er drevet av toppmoderne algoritmer og genererer bemerkelsesverdig presise handelssignaler for b\u00e5de manuell og automatisert handel.\nV\u00e5rt overordnede m\u00e5l er \u00e5 utstyre enkeltpersoner med de essensielle verkt\u00f8yene og ressursene som trengs for \u00e5 oppn\u00e5 \u00f8konomisk uavhengighet i den dynamiske verdenen av online kryptohandel.  <\/p>\n              <p class=\"p what-p\">Det kan v\u00e6re vanskelig \u00e5 navigere i investeringslandskapet for kryptovaluta.\nHeldigvis er Nexonix Profit-appen her for \u00e5 gi deg bedre beslutningsgrunnlag og forbedre handelsstrategiene!\nVed hjelp av avansert algoritmeteknologi analyserer plattformen v\u00e5r markedsdata i sanntid, og holder deg informert om kryptomarkeder over hele verden.\nV\u00e5re optimaliserte signaler er skreddersydd til hver enkelt brukers unike behov og m\u00e5l, og de beskytter dine eksisterende investeringer og forsterker suksessen din.\nGj\u00f8r deg klar til \u00e5 overskride handelsbegrensninger med Nexonix Profit og ta smartere investeringsvalg i dag!    <\/p>\n              <div class=\"what-btn-wrap\">\n                <a href=\"#formTop\" class=\"btn what-btn w-button\"><\/a><a href=\"#formTop\">OPPLEV KRAFTEN I Nexonix Profit N\u00c5<\/a>\n              <\/div>\n            <\/div>\n            <div class=\"col-50 what-img-col\">\n              <div class=\"what-img-wrap\"><img decoding=\"async\" src=\"https:\/\/nexonixprofit.org\/wp-content\/uploads\/2024\/08\/what.webp\" alt=\"Nexonix Profit - Utnytt potensialet i Nexonix Profit-plattformen\" class=\"what-img\"\/><\/div>\n            <\/div>\n          <\/div>\n        <\/div>\n      <\/div>\n      <div class=\"team-section wf-section\">\n        <div class=\"container relative w-container\">\n          <div class=\"cols\">\n            <div class=\"col-50 team-img-col\">\n              <div class=\"team-img-wrap\"><img decoding=\"async\" src=\"https:\/\/nexonixprofit.org\/wp-content\/uploads\/2024\/08\/team.webp\" alt=\"Nexonix Profit - Nexonix Profit-teamet - Visjon\u00e6re som driver Nexonix Profit-appen\" class=\"team-img radi\"\/><\/div>\n            <\/div>\n            <div class=\"col-50 text-col\">\n              <h2 class=\"title team-title\">Nexonix Profit-teamet &#8211; visjon\u00e6re som driver Nexonix Profit-appen<br\/>\n<\/h2>\n              <p class=\"p team-p\">Skaperne av Nexonix Profit har dedikert ekspertisen sin til \u00e5 utvikle programvare for automatisert handel, med m\u00e5l om \u00e5 hjelpe tradere og investorer med \u00e5 tjene penger p\u00e5 kryptovalutahandel.\nDe har utnyttet sine ulike bakgrunner, som inkluderer erfarne finanshandlere, \u00f8konomer, matematikere og ledende utviklere, og samarbeidet om \u00e5 produsere verdens beste handelsprogramvare.\nBetatestfasen ga imponerende resultater og tiltrakk seg b\u00e5de nybegynnere og erfarne investorer.\nEtter denne suksessen ble Nexonix Profit introdusert for publikum i en begrenset periode.\nN\u00e5 kan du bli med i dette fellesskapet og dra nytte av kunnskapen til dagens fremste finanshandlere for \u00e5 generere daglige passive inntekter.    <\/p>\n              <div class=\"team-btn-wrap\">\n                <a href=\"#formTop\" class=\"btn w-button\"><\/a><a href=\"#formTop\">Start en enest\u00e5ende handelsreise ved \u00e5 registrere deg i dag<\/a>\n              <\/div>\n            <\/div>\n          <\/div>\n        <\/div>\n      <\/div>\n    <\/main>\n\t\n\t\n    <div class=\"sticky-btn-wrap\">\n      <a href=\"#formTop\" class=\"btn sticky-btn anchor-js w-button\"><\/a><a href=\"#formTop\">Begynn \u00e5 handle i dag<\/a>\n    <\/div>\n    <footer class=\"footer\">\n      <div class=\"container w-container\">\n        <div class=\"footer-cols\">\n          <div class=\"footer-col fc-1\">\n            <a href=\"\/\" class=\"footer-logo w-inline-block\">\n              <img decoding=\"async\" src=\"https:\/\/nexonixprofit.org\/wp-content\/uploads\/2024\/08\/nexonix-profit-high-resolution-logo-transparent-2-1.png\" width=\"Auto\" alt=\"Nexonix Profit - Begynn din Nexonix Profit Trading Journey ved \u00e5 registrere deg n\u00e5\" height=\"40\" class=\"footer-img\"\/>\n            <\/a>\n          <\/div>\n          <div class=\"footer-col fc-2\">\n            <div class=\"footer-nav-list\">\n              <div class=\"footer-nav-item\">\n                <a href=\"https:\/\/nexonixprofit.org\/no\/om-oss\/\" class=\"footer-nav-link\"><\/a><a href=\"https:\/\/nexonixprofit.org\/no\/om-oss\/\">Om oss<\/a>\n              <\/div>\n              <div class=\"footer-nav-item\">\n                <a href=\"https:\/\/nexonixprofit.org\/terms\/\" class=\"footer-nav-link\"><\/a><a href=\"https:\/\/nexonixprofit.org\/terms\/\">Vilk\u00e5r og betingelser<\/a>\n              <\/div>\n              <div class=\"footer-nav-item\">\n                <a href=\"https:\/\/nexonixprofit.org\/policy\/\" class=\"footer-nav-link\"><\/a><a href=\"https:\/\/nexonixprofit.org\/policy\/\">Retningslinjer for personvern<\/a>\n              <\/div>\n              <div class=\"footer-nav-item\">\n                <a href=\"https:\/\/nexonixprofit.org\/no\/kontakt-oss\/\" class=\"footer-nav-link\"><\/a><a href=\"https:\/\/nexonixprofit.org\/no\/kontakt-oss\/\">Kontakt oss<\/a>\n              <\/div>\n              <div class=\"footer-nav-item\">\n                <div class=\"copyright\"><span class=\"year\">@2024<\/span>\n<\/div>\n              <\/div>\n            <\/div>\n          <\/div>\n        <\/div>\n        <div class=\"footer-disclaimer\">ADVARSEL OM H\u00d8Y RISIKO: Handel med valuta, CFD-er og kryptovaluta er sv\u00e6rt spekulativt, inneb\u00e6rer en ikke ubetydelig risiko og er kanskje ikke egnet for alle investorer.\nDu kan tape hele eller deler av din investerte kapital, og du b\u00f8r derfor ikke spekulere med kapital du ikke har r\u00e5d til \u00e5 tape.\nVennligst se risikoopplysningene nedenfor.\nNexonix Profit tjener eller taper ikke fortjeneste basert p\u00e5 din aktivitet, og drives som et serviceselskap.\nNexonix Profit er ikke et finansforetak og er ikke kvalifisert til \u00e5 gi finansiell r\u00e5dgivning.\nNexonix Profit er derfor ikke ansvarlig for eventuelle tap som oppst\u00e5r via eller i forbindelse med dette informasjonsnettstedet.     <br\/>\n<br\/>  OPPLYSNING OM NETTSTEDETS RISIKO: Nexonix Profit p\u00e5tar seg ikke noe ansvar for tap eller skade som f\u00f8lge av at du stoler p\u00e5 informasjonen p\u00e5 dette nettstedet; dette inkluderer undervisningsmateriell, kursnoteringer, diagrammer og analyser.\nV\u00e6r oppmerksom p\u00e5 og s\u00f8k profesjonell r\u00e5dgivning om risikoen forbundet med handel i finansmarkedene; invester aldri mer penger enn du kan risikere \u00e5 tape.\nRisikoen forbundet med valuta, CFD-er og kryptovaluta er kanskje ikke egnet for alle investorer.\nNexonix Profit p\u00e5tar seg ikke ansvar for eventuelle handelstap du m\u00e5tte lide som f\u00f8lge av bruk av eller utledning fra dataene p\u00e5 dette nettstedet.   <br\/>\n<br\/>  JURIDISKE BEGRENSNINGER: Uten \u00e5 begrense de ovennevnte bestemmelsene, forst\u00e5r du at lovene om finansielle aktiviteter varierer over hele verden, og det er ditt ansvar \u00e5 s\u00f8rge for at du overholder alle lover, forskrifter eller retningslinjer i ditt bostedsland n\u00e5r det gjelder bruk av Nettstedet.\nFor \u00e5 unng\u00e5 enhver tvil, betyr ikke muligheten til \u00e5 f\u00e5 tilgang til nettstedet v\u00e5rt n\u00f8dvendigvis at v\u00e5re tjenester og\/eller dine aktiviteter via nettstedet er lovlige i henhold til lover, forskrifter eller direktiver som er relevante for ditt bostedsland.\nDet er ulovlig \u00e5 oppfordre amerikanske privatpersoner til \u00e5 kj\u00f8pe og selge r\u00e5vareopsjoner, selv om de kalles &laquo;prediksjonskontrakter&raquo;, med mindre de er notert for handel og omsettes p\u00e5 en CFTC-registrert b\u00f8rs, med mindre de er unntatt ved lov.\nFinancial Conduct Authority i Storbritannia har utstedt en policyuttalelse PS20\/10, som forbyr salg, markedsf\u00f8ring og distribusjon av CFD-er p\u00e5 kryptoaktiva.\nDen forbyr spredning av markedsf\u00f8ringsmateriell knyttet til distribusjon av CFD-er og andre finansielle produkter basert p\u00e5 kryptovalutaer som er rettet mot innbyggere i Storbritannia.\nDet er forbudt \u00e5 tilby handelstjenester som involverer finansielle instrumenter i henhold til MiFID II i EU, med mindre de er autorisert\/lisensiert av gjeldende myndigheter og\/eller regulator(er).\nV\u00e6r oppmerksom p\u00e5 at vi kan motta annonseringsgebyrer for brukere som velger \u00e5 \u00e5pne en konto hos v\u00e5re partnerannons\u00f8rer via annons\u00f8renes nettsteder.\nVi har plassert informasjonskapsler p\u00e5 datamaskinen din for \u00e5 forbedre opplevelsen din n\u00e5r du bes\u00f8ker dette nettstedet.\nDu kan n\u00e5r som helst endre innstillingene for informasjonskapsler p\u00e5 datamaskinen din.\nBruk av dette nettstedet indikerer at du godtar dette nettstedet.         <br\/>\n<br\/>  Vi gj\u00f8r oppmerksom p\u00e5 at navnene p\u00e5 nettstedet v\u00e5rt, inkludert, men ikke begrenset til, Nexonix Profit, kun brukes i markedsf\u00f8rings\u00f8yemed og som illustrasjon.\nDisse navnene representerer eller antyder ikke eksistensen av spesifikke enheter, tjenesteleverand\u00f8rer eller virkelige personer.\nVidere er bildene og\/eller videoene som presenteres p\u00e5 nettstedet v\u00e5rt av rent salgsfremmende art, og de viser profesjonelle skuespillere.\nDisse skuespillerne er ikke faktiske brukere, kunder eller tradere, og deres skildringer skal ikke tolkes som anbefalinger eller representasjoner av virkelige opplevelser.\nAlt innhold er kun ment for illustrasjonsform\u00e5l og skal ikke tolkes som fakta eller som et juridisk bindende forhold.    <\/div>\n      <\/div>\n    <\/footer>\n  <\/div>\n","protected":false},"excerpt":{"rendered":"<p>Avdukingen av Nexonix Profits kapasitet Utnytt potensialet i Nexonix Profit-plattformen Nexonix Profit ble til under&hellip;<\/p>\n","protected":false},"author":1,"featured_media":0,"parent":0,"menu_order":0,"comment_status":"closed","ping_status":"closed","template":"","meta":{"_acf_changed":false,"_monsterinsights_skip_tracking":false,"_monsterinsights_sitenote_active":false,"_monsterinsights_sitenote_note":"","_monsterinsights_sitenote_category":0,"footnotes":""},"class_list":["post-149","page","type-page","status-publish","hentry"],"acf":[],"_links":{"self":[{"href":"https:\/\/ch.nexonixprofit.org\/no\/wp-json\/wp\/v2\/pages\/149"}],"collection":[{"href":"https:\/\/ch.nexonixprofit.org\/no\/wp-json\/wp\/v2\/pages"}],"about":[{"href":"https:\/\/ch.nexonixprofit.org\/no\/wp-json\/wp\/v2\/types\/page"}],"author":[{"embeddable":true,"href":"https:\/\/ch.nexonixprofit.org\/no\/wp-json\/wp\/v2\/users\/1"}],"replies":[{"embeddable":true,"href":"https:\/\/ch.nexonixprofit.org\/no\/wp-json\/wp\/v2\/comments?post=149"}],"version-history":[{"count":1,"href":"https:\/\/ch.nexonixprofit.org\/no\/wp-json\/wp\/v2\/pages\/149\/revisions"}],"predecessor-version":[{"id":151,"href":"https:\/\/ch.nexonixprofit.org\/no\/wp-json\/wp\/v2\/pages\/149\/revisions\/151"}],"wp:attachment":[{"href":"https:\/\/ch.nexonixprofit.org\/no\/wp-json\/wp\/v2\/media?parent=149"}],"curies":[{"name":"wp","href":"https:\/\/api.w.org\/{rel}","templated":true}]}}