{"id":141,"date":"2024-08-21T11:19:57","date_gmt":"2024-08-21T11:19:57","guid":{"rendered":"https:\/\/nexonixprofit.org\/om-oss\/"},"modified":"2024-08-21T20:48:55","modified_gmt":"2024-08-21T20:48:55","slug":"om-oss","status":"publish","type":"page","link":"https:\/\/ch.nexonixprofit.org\/sv\/om-oss\/","title":{"rendered":"Om oss"},"content":{"rendered":"\n<div class=\"main-wrapper\">\n    \n    <main class=\"content\">\n      <div class=\"intro-section abs wf-section\">\n        <div class=\"container w-container\">\n          <h1 class=\"intro-title abt\">F\u00d6RTYDLIGANDE AV F\u00d6RM\u00c5GORNA I Nexonix Profit<br\/>\n<\/h1>\n        <\/div>\n      <\/div>\n      <div class=\"what-section wf-section\">\n        <div class=\"container w-container\">\n          <div class=\"cols what-cols\">\n            <div class=\"col-50 what-text-col\">\n              <h2 class=\"title what-title\">Frig\u00f6r potentialen i Nexonix Profit Platform<br\/>\n<\/h2>\n              <p class=\"p what-p\">Nexonix Profit f\u00f6ddes ur en genial brainstorming p\u00e5 en prestigefylld teknikkonferens 2019 och blev en banbrytande l\u00f6sning f\u00f6r att revolutionera kryptovalutamarknaden.\nEn m\u00e5ngsidig grupp av kunniga handlare, finansiella experter och teknikentusiaster f\u00f6renades med en gemensam vision om att utveckla banbrytande programvara som skulle ge handlare en s\u00f6ml\u00f6s och effektiv handelsupplevelse.\nV\u00e5rt fr\u00e4msta m\u00e5l var att eliminera de hinder som nyb\u00f6rjare m\u00f6ter n\u00e4r de v\u00e5gar sig in i kryptohandeln online.  <br\/>\n<br\/>  Genom de anm\u00e4rkningsv\u00e4rda funktionerna i Nexonix Profit kan varje individ nu enkelt och exakt handla kryptovalutor, oavsett deras kompetensniv\u00e5.\nV\u00e5r programvara drivs av toppmoderna algoritmer och genererar anm\u00e4rkningsv\u00e4rt exakta handelssignaler som tillgodoser b\u00e5de manuell och automatiserad handel.\nV\u00e5rt \u00f6vergripande uppdrag \u00e4r att utrusta individer med de v\u00e4sentliga verktyg och resurser som beh\u00f6vs f\u00f6r att uppn\u00e5 ekonomiskt oberoende i den dynamiska v\u00e4rlden av online-kryptohandel.  <\/p>\n              <p class=\"p what-p\">Att navigera i investeringslandskapet f\u00f6r kryptovalutor kan vara en skr\u00e4mmande str\u00e4van.\nLyckligtvis finns Nexonix Profit-appen h\u00e4r f\u00f6r att m\u00f6jligg\u00f6ra b\u00e4ttre beslutsfattande och f\u00f6rb\u00e4ttra handelsstrategier!\nMed hj\u00e4lp av avancerad algoritmisk teknik analyserar v\u00e5r plattform marknadsdata i realtid och h\u00e5ller dig informerad om kryptomarknader \u00f6ver hela v\u00e4rlden.\nV\u00e5ra optimerade signaler \u00e4r skr\u00e4ddarsydda f\u00f6r varje anv\u00e4ndares unika behov och m\u00e5l och skyddar dina befintliga investeringar och f\u00f6rst\u00e4rker din framg\u00e5ng.\nG\u00f6r dig redo att \u00f6verskrida handelsbegr\u00e4nsningar med Nexonix Profit och g\u00f6r smartare investeringsval idag!    <\/p>\n              <div class=\"what-btn-wrap\">\n                <a href=\"#formTop\" class=\"btn what-btn w-button\"><\/a><a href=\"#formTop\">Upplev kraften i Nexonix Profit NU<\/a>\n              <\/div>\n            <\/div>\n            <div class=\"col-50 what-img-col\">\n              <div class=\"what-img-wrap\"><img decoding=\"async\" src=\"https:\/\/nexonixprofit.org\/wp-content\/uploads\/2024\/08\/what.webp\" alt=\"Nexonix Profit - Frig\u00f6r potentialen i Nexonix Profit-plattformen\" class=\"what-img\"\/><\/div>\n            <\/div>\n          <\/div>\n        <\/div>\n      <\/div>\n      <div class=\"team-section wf-section\">\n        <div class=\"container relative w-container\">\n          <div class=\"cols\">\n            <div class=\"col-50 team-img-col\">\n              <div class=\"team-img-wrap\"><img decoding=\"async\" src=\"https:\/\/nexonixprofit.org\/wp-content\/uploads\/2024\/08\/team.webp\" alt=\"Nexonix Profit - Nexonix Profit Team - Vision\u00e4rer som driver Nexonix Profit-appen\" class=\"team-img radi\"\/><\/div>\n            <\/div>\n            <div class=\"col-50 text-col\">\n              <h2 class=\"title team-title\">Nexonix Profit Team &#8211; Vision\u00e4rer som driver Nexonix Profit-appen<br\/>\n<\/h2>\n              <p class=\"p team-p\">Med m\u00e5let att hj\u00e4lpa handlare och investerare att tj\u00e4na pengar p\u00e5 kryptovalutahandel har skaparna av Nexonix Profit \u00e4gnat sin expertis \u00e5t att utveckla automatiserad handelsprogramvara.\nGenom att utnyttja sina olika bakgrunder, som inkluderar veteranfinansiella handlare, ekonomer, matematiker och ledande utvecklare, samarbetade de f\u00f6r att producera v\u00e4rldens finaste handelsprogramvara.\nBetatestfasen gav imponerande resultat och lockade b\u00e5de nyb\u00f6rjare och erfarna investerare.\nEfter denna framg\u00e5ng introducerades Nexonix Profit f\u00f6r allm\u00e4nheten under en begr\u00e4nsad tid.\nNu kan du g\u00e5 med i denna gemenskap och dra nytta av kunskapen hos dagens b\u00e4sta finansiella handlare f\u00f6r att generera daglig passiv inkomst.    <\/p>\n              <div class=\"team-btn-wrap\">\n                <a href=\"#formTop\" class=\"btn w-button\"><\/a><a href=\"#formTop\">B\u00f6rja en o\u00f6vertr\u00e4ffad handelsresa genom att registrera dig idag<\/a>\n              <\/div>\n            <\/div>\n          <\/div>\n        <\/div>\n      <\/div>\n    <\/main>\n\t\n\t\n    <div class=\"sticky-btn-wrap\">\n      <a href=\"#formTop\" class=\"btn sticky-btn anchor-js w-button\"><\/a><a href=\"#formTop\">B\u00f6rja handla idag<\/a>\n    <\/div>\n    <footer class=\"footer\">\n      <div class=\"container w-container\">\n        <div class=\"footer-cols\">\n          <div class=\"footer-col fc-1\">\n            <a href=\"\/\" class=\"footer-logo w-inline-block\">\n              <img decoding=\"async\" src=\"https:\/\/nexonixprofit.org\/wp-content\/uploads\/2024\/08\/nexonix-profit-high-resolution-logo-transparent-2-1.png\" width=\"Auto\" alt=\"Nexonix Profit - B\u00f6rja din Nexonix Profit Trading Journey genom att registrera dig nu\" height=\"40\" class=\"footer-img\"\/>\n            <\/a>\n          <\/div>\n          <div class=\"footer-col fc-2\">\n            <div class=\"footer-nav-list\">\n              <div class=\"footer-nav-item\">\n                <a href=\"https:\/\/nexonixprofit.org\/sv\/om-oss\/\" class=\"footer-nav-link\"><\/a><a href=\"https:\/\/nexonixprofit.org\/sv\/om-oss\/\">Om oss<\/a>\n              <\/div>\n              <div class=\"footer-nav-item\">\n                <a href=\"https:\/\/nexonixprofit.org\/terms\/\" class=\"footer-nav-link\"><\/a><a href=\"https:\/\/nexonixprofit.org\/terms\/\">Villkor och anvisningar<\/a>\n              <\/div>\n              <div class=\"footer-nav-item\">\n                <a href=\"https:\/\/nexonixprofit.org\/policy\/\" class=\"footer-nav-link\"><\/a><a href=\"https:\/\/nexonixprofit.org\/policy\/\">Integritetspolicy<\/a>\n              <\/div>\n              <div class=\"footer-nav-item\">\n                <a href=\"https:\/\/nexonixprofit.org\/sv\/kontakta-oss\/\" class=\"footer-nav-link\"><\/a><a href=\"https:\/\/nexonixprofit.org\/sv\/kontakta-oss\/\">Kontakta oss<\/a>\n              <\/div>\n              <div class=\"footer-nav-item\">\n                <div class=\"copyright\"><span class=\"year\">@2024<\/span>\n<\/div>\n              <\/div>\n            <\/div>\n          <\/div>\n        <\/div>\n        <div class=\"footer-disclaimer\">VARNING F\u00d6R H\u00d6G RISK: Handel med valutor, CFD:er och kryptovalutor \u00e4r mycket spekulativ, medf\u00f6r en icke f\u00f6rsumbar risk och kanske inte \u00e4r l\u00e4mplig f\u00f6r alla investerare.\nDu kan f\u00f6rlora en del av eller hela ditt investerade kapital, d\u00e4rf\u00f6r b\u00f6r du inte spekulera med kapital som du inte har r\u00e5d att f\u00f6rlora.\nV\u00e4nligen se riskupplysningen nedan.\nNexonix Profit g\u00f6r inte vinst eller f\u00f6rlust baserat p\u00e5 din aktivitet och fungerar som ett tj\u00e4nstef\u00f6retag.\nNexonix Profit \u00e4r inte ett f\u00f6retag f\u00f6r finansiella tj\u00e4nster och \u00e4r inte ber\u00e4ttigat att tillhandah\u00e5lla finansiell r\u00e5dgivning.\nD\u00e4rf\u00f6r ska Nexonix Profit inte h\u00e5llas ansvarigt f\u00f6r eventuella f\u00f6rluster som intr\u00e4ffat via eller i f\u00f6rh\u00e5llande till denna informationswebbplats.     <br\/>\n<br\/>  UPPLYSNING OM WEBBPLATSRISK: Nexonix Profit tar inte n\u00e5got ansvar f\u00f6r f\u00f6rlust eller skada till f\u00f6ljd av att man f\u00f6rlitar sig p\u00e5 informationen p\u00e5 denna webbplats; detta inkluderar utbildningsmaterial, prisnoteringar och diagram samt analys.\nVar medveten om och s\u00f6k professionell r\u00e5dgivning f\u00f6r de risker som \u00e4r f\u00f6rknippade med handel p\u00e5 de finansiella marknaderna; investera aldrig mer pengar \u00e4n du kan riskera att f\u00f6rlora.\nRiskerna med FX, CFD:er och kryptovalutor kanske inte \u00e4r l\u00e4mpliga f\u00f6r alla investerare.\nNexonix Profit tar inte ansvar f\u00f6r eventuella handelsf\u00f6rluster som du kan drabbas av till f\u00f6ljd av att du anv\u00e4nder eller drar slutsatser fr\u00e5n uppgifterna p\u00e5 denna webbplats.   <br\/>\n<br\/>  JURIDISKA BEGR\u00c4NSNINGAR: Utan att begr\u00e4nsa de ovan n\u00e4mnda best\u00e4mmelserna f\u00f6rst\u00e5r du att lagar om finansiella aktiviteter varierar \u00f6ver hela v\u00e4rlden, och det \u00e4r ditt ansvar att se till att du f\u00f6ljer alla lagar, f\u00f6rordningar eller riktlinjer i ditt bos\u00e4ttningsland avseende anv\u00e4ndningen av webbplatsen.\nF\u00f6r att undvika varje tvivel inneb\u00e4r m\u00f6jligheten att f\u00e5 tillg\u00e5ng till v\u00e5r webbplats inte n\u00f6dv\u00e4ndigtvis att v\u00e5ra tj\u00e4nster och\/eller dina aktiviteter via webbplatsen \u00e4r lagliga enligt de lagar, f\u00f6rordningar eller direktiv som g\u00e4ller i ditt bos\u00e4ttningsland.\nDet \u00e4r olagligt att uppmana amerikanska privatpersoner att k\u00f6pa och s\u00e4lja r\u00e5varuoptioner, \u00e4ven om de kallas &#8221;prediction&#8221;-kontrakt, s\u00e5vida de inte \u00e4r noterade f\u00f6r handel och handlas p\u00e5 en CFTC-registrerad b\u00f6rs, s\u00e5vida de inte \u00e4r undantagna enligt lag.\nStorbritanniens Financial Conduct Authority har utf\u00e4rdat ett policyuttalande PS20\/10, som f\u00f6rbjuder f\u00f6rs\u00e4ljning, marknadsf\u00f6ring och distribution av CFD p\u00e5 kryptotillg\u00e5ngar.\nDet f\u00f6rbjuder spridning av marknadsf\u00f6ringsmaterial avseende distribution av CFD:er och andra finansiella produkter baserade p\u00e5 kryptovalutor som riktar sig till inv\u00e5nare i Storbritannien.\nTillhandah\u00e5llande av handelstj\u00e4nster som omfattar finansiella instrument enligt MiFID II \u00e4r f\u00f6rbjudet i EU, s\u00e5vida det inte har godk\u00e4nts\/licensierats av de till\u00e4mpliga myndigheterna och\/eller tillsynsmyndigheterna.\nObservera att vi kan f\u00e5 reklamavgifter f\u00f6r anv\u00e4ndare som v\u00e4ljer att \u00f6ppna ett konto hos v\u00e5ra partnerannons\u00f6rer via annons\u00f6rernas webbplatser.\nVi har placerat cookies p\u00e5 din dator f\u00f6r att f\u00f6rb\u00e4ttra din upplevelse n\u00e4r du bes\u00f6ker denna webbplats.\nDu kan n\u00e4r som helst \u00e4ndra inst\u00e4llningarna f\u00f6r cookies p\u00e5 din dator.\nAnv\u00e4ndning av denna webbplats inneb\u00e4r att du accepterar denna webbplats.         <br\/>\n<br\/>  Observera att de namn som f\u00f6rekommer p\u00e5 v\u00e5r webbplats, inklusive men inte begr\u00e4nsat till Nexonix Profit, endast \u00e4r avsedda f\u00f6r marknadsf\u00f6ring och illustrativa \u00e4ndam\u00e5l.\nDessa namn representerar inte eller antyder inte f\u00f6rekomsten av specifika enheter, tj\u00e4nsteleverant\u00f6rer eller verkliga personer.\nDessutom \u00e4r de bilder och\/eller videor som presenteras p\u00e5 v\u00e5r webbplats enbart av reklamkarakt\u00e4r och visar professionella sk\u00e5despelare.\nDessa sk\u00e5despelare \u00e4r inte faktiska anv\u00e4ndare, kunder eller handlare, och deras avbildningar ska inte tolkas som rekommendationer eller representationer av verkliga erfarenheter.\nAllt inneh\u00e5ll \u00e4r endast avsett f\u00f6r illustrativa \u00e4ndam\u00e5l och ska inte tolkas som fakta eller som att det bildar n\u00e5got r\u00e4ttsligt bindande f\u00f6rh\u00e5llande.    <\/div>\n      <\/div>\n    <\/footer>\n  <\/div>\n","protected":false},"excerpt":{"rendered":"<p>F\u00d6RTYDLIGANDE AV F\u00d6RM\u00c5GORNA I Nexonix Profit Frig\u00f6r potentialen i Nexonix Profit Platform Nexonix Profit f\u00f6ddes&hellip;<\/p>\n","protected":false},"author":1,"featured_media":0,"parent":0,"menu_order":0,"comment_status":"closed","ping_status":"closed","template":"","meta":{"_acf_changed":false,"_monsterinsights_skip_tracking":false,"_monsterinsights_sitenote_active":false,"_monsterinsights_sitenote_note":"","_monsterinsights_sitenote_category":0,"footnotes":""},"class_list":["post-141","page","type-page","status-publish","hentry"],"acf":[],"_links":{"self":[{"href":"https:\/\/ch.nexonixprofit.org\/sv\/wp-json\/wp\/v2\/pages\/141"}],"collection":[{"href":"https:\/\/ch.nexonixprofit.org\/sv\/wp-json\/wp\/v2\/pages"}],"about":[{"href":"https:\/\/ch.nexonixprofit.org\/sv\/wp-json\/wp\/v2\/types\/page"}],"author":[{"embeddable":true,"href":"https:\/\/ch.nexonixprofit.org\/sv\/wp-json\/wp\/v2\/users\/1"}],"replies":[{"embeddable":true,"href":"https:\/\/ch.nexonixprofit.org\/sv\/wp-json\/wp\/v2\/comments?post=141"}],"version-history":[{"count":1,"href":"https:\/\/ch.nexonixprofit.org\/sv\/wp-json\/wp\/v2\/pages\/141\/revisions"}],"predecessor-version":[{"id":142,"href":"https:\/\/ch.nexonixprofit.org\/sv\/wp-json\/wp\/v2\/pages\/141\/revisions\/142"}],"wp:attachment":[{"href":"https:\/\/ch.nexonixprofit.org\/sv\/wp-json\/wp\/v2\/media?parent=141"}],"curies":[{"name":"wp","href":"https:\/\/api.w.org\/{rel}","templated":true}]}}